{"id":958,"date":"2016-06-14T15:10:35","date_gmt":"2016-06-14T14:10:35","guid":{"rendered":"https:\/\/www.traceocad.fr\/en\/?page_id=958"},"modified":"2016-09-21T08:22:17","modified_gmt":"2016-09-21T07:22:17","slug":"legals","status":"publish","type":"page","link":"https:\/\/www.traceocad.fr\/en\/legals\/","title":{"rendered":"Legal Information"},"content":{"rendered":"<section class=\"wpb-content-wrapper\"><p>[vc_row container=&#8221;1&#8243; el_class=&#8221;block-60&#8243; css=&#8221;.vc_custom_1467796351474{margin-top: 100px !important;padding-top: 40px !important;padding-bottom: 55px !important;}&#8221;][vc_column][vc_column_text]<\/p>\n<h1><span style=\"color: #1d6fbd;\">Legal Information<\/span><\/h1>\n<p>[\/vc_column_text][vc_row_inner el_class=&#8221;col-form-contact&#8221;][vc_column_inner][vc_column_text]<\/p>\n<h2 class=\"contact\"><span style=\"color: #1d6fbd;\">GENERAL PRESENTATION<\/span><\/h2>\n<hr \/>\n<p>Your are connected to the Trac\u00e9ocad website<\/p>\n<h2 class=\"contact\"><span style=\"color: #1d6fbd;\">TECHNICAL INFORMATION<\/span><\/h2>\n<hr \/>\n<p>This website was developed and built by IKADIA. This website complies with HTML5 and CSS standards recommended by W3C. The hosting service is provided by the company OVH.<\/p>\n<h2 class=\"contact\"><span style=\"color: #1d6fbd;\">PROPERTY &amp; EDITORIAL RESPONSIBILITY<\/span><\/h2>\n<hr \/>\n<p>Soci\u00e9t\u00e9 Trac\u00e9ocad<br \/>\n1544, Chemin de la Rose<br \/>\n13100 Aix en Provence<\/p>\n<h2 class=\"contact\"><span style=\"color: #1d6fbd;\">PERSONAL INFORMATION<\/span><\/h2>\n<hr \/>\n<p>We would reiterate that secrecy of correspondence is not guaranteed over the Internet network and that it is the responsibility of each Internet user to take the appropriate steps to protect his\/her own data and\/or software.<\/p>\n<p>Under French law no.78-17 dated 6 January 1978 relating to Information Technology, Files and Civil Liberties, you have rights of opposition (art. 26 of the law), access (art. 34 to 38 of the law) and rectification (art. 36 of the law) of any data that might concern you on this website. In order to use this right please contact the website operator: Trac\u00e9ocad.<\/p>\n<h2 class=\"contact\"><span style=\"color: #1d6fbd;\">COPYRIGHT<\/span><\/h2>\n<hr \/>\n<p>Total or partial representation of this website by any means, without the express authorization of the Internet website operator, is prohibited and would constitute an infringement sanctioned by article L 335-2 and following of the French Intellectual Property Code. The trademarks of the Internet website operator and its partners as well as the logos featuring on the website are all registered. Total or partial reproduction of said trademarks or logos using elements from the website without the express authorization of the Internet website operator or his\/her legal representative is, therefore, prohibited in line with article L713-2 of the French IPC.\u00a0[\/vc_column_text][\/vc_column_inner][\/vc_row_inner][\/vc_column][\/vc_row]<\/p>\n<\/section>","protected":false},"excerpt":{"rendered":"<p>[vc_row container=&#8221;1&#8243; el_class=&#8221;block-60&#8243; css=&#8221;.vc_custom_1467796351474{margin-top: 100px !important;padding-top: 40px !important;padding-bottom: 55px !important;}&#8221;][vc_column][vc_column_text] Legal Information [\/vc_column_text][vc_row_inner el_class=&#8221;col-form-contact&#8221;][vc_column_inner][vc_column_text] GENERAL PRESENTATION Your are connected to the Trac\u00e9ocad website TECHNICAL INFORMATION This website was developed and built by IKADIA. This website complies with HTML5 and CSS standards recommended by W3C. The hosting service is provided by the company OVH. PROPERTY &amp;<\/p>\n","protected":false},"author":1,"featured_media":0,"parent":0,"menu_order":0,"comment_status":"closed","ping_status":"closed","template":"tpl-one.php","meta":[],"acf":[],"yoast_head":"<!-- This site is optimized with the Yoast SEO plugin v20.4 - https:\/\/yoast.com\/wordpress\/plugins\/seo\/ -->\n<title>Legal Information | Trac\u00e9ocad - Software Publisher<\/title>\n<meta name=\"description\" content=\"See our Legal Information for more information on our website Trac\u00e9ocad\" \/>\n<meta name=\"robots\" content=\"index, follow, max-snippet:-1, max-image-preview:large, max-video-preview:-1\" \/>\n<link rel=\"canonical\" href=\"https:\/\/www.traceocad.fr\/en\/legals\/\" \/>\n<meta property=\"og:locale\" content=\"en_US\" \/>\n<meta property=\"og:type\" content=\"article\" \/>\n<meta property=\"og:title\" content=\"Legal Information | Trac\u00e9ocad - Software Publisher\" \/>\n<meta property=\"og:description\" content=\"See our Legal Information for more information on our website Trac\u00e9ocad\" \/>\n<meta property=\"og:url\" content=\"https:\/\/www.traceocad.fr\/en\/legals\/\" \/>\n<meta property=\"og:site_name\" content=\"Trac\u00e9oCAD (EN)\" \/>\n<meta property=\"article:modified_time\" content=\"2016-09-21T07:22:17+00:00\" \/>\n<meta name=\"twitter:card\" content=\"summary_large_image\" \/>\n<meta name=\"twitter:label1\" content=\"Est. reading time\" \/>\n\t<meta name=\"twitter:data1\" content=\"2 minutes\" \/>\n<script type=\"application\/ld+json\" class=\"yoast-schema-graph\">{\"@context\":\"https:\/\/schema.org\",\"@graph\":[{\"@type\":\"WebPage\",\"@id\":\"https:\/\/www.traceocad.fr\/en\/legals\/\",\"url\":\"https:\/\/www.traceocad.fr\/en\/legals\/\",\"name\":\"Legal Information | Trac\u00e9ocad - Software Publisher\",\"isPartOf\":{\"@id\":\"https:\/\/www.traceocad.fr\/en\/#website\"},\"datePublished\":\"2016-06-14T14:10:35+00:00\",\"dateModified\":\"2016-09-21T07:22:17+00:00\",\"description\":\"See our Legal Information for more information on our website Trac\u00e9ocad\",\"breadcrumb\":{\"@id\":\"https:\/\/www.traceocad.fr\/en\/legals\/#breadcrumb\"},\"inLanguage\":\"en-US\",\"potentialAction\":[{\"@type\":\"ReadAction\",\"target\":[\"https:\/\/www.traceocad.fr\/en\/legals\/\"]}]},{\"@type\":\"BreadcrumbList\",\"@id\":\"https:\/\/www.traceocad.fr\/en\/legals\/#breadcrumb\",\"itemListElement\":[{\"@type\":\"ListItem\",\"position\":1,\"name\":\"Accueil\",\"item\":\"https:\/\/www.traceocad.fr\/en\/\"},{\"@type\":\"ListItem\",\"position\":2,\"name\":\"Legal Information\"}]},{\"@type\":\"WebSite\",\"@id\":\"https:\/\/www.traceocad.fr\/en\/#website\",\"url\":\"https:\/\/www.traceocad.fr\/en\/\",\"name\":\"Trac\u00e9oCAD (EN)\",\"description\":\"\",\"potentialAction\":[{\"@type\":\"SearchAction\",\"target\":{\"@type\":\"EntryPoint\",\"urlTemplate\":\"https:\/\/www.traceocad.fr\/en\/?s={search_term_string}\"},\"query-input\":\"required name=search_term_string\"}],\"inLanguage\":\"en-US\"}]}<\/script>\n<!-- \/ Yoast SEO plugin. -->","yoast_head_json":{"title":"Legal Information | Trac\u00e9ocad - Software Publisher","description":"See our Legal Information for more information on our website Trac\u00e9ocad","robots":{"index":"index","follow":"follow","max-snippet":"max-snippet:-1","max-image-preview":"max-image-preview:large","max-video-preview":"max-video-preview:-1"},"canonical":"https:\/\/www.traceocad.fr\/en\/legals\/","og_locale":"en_US","og_type":"article","og_title":"Legal Information | Trac\u00e9ocad - Software Publisher","og_description":"See our Legal Information for more information on our website Trac\u00e9ocad","og_url":"https:\/\/www.traceocad.fr\/en\/legals\/","og_site_name":"Trac\u00e9oCAD (EN)","article_modified_time":"2016-09-21T07:22:17+00:00","twitter_card":"summary_large_image","twitter_misc":{"Est. reading time":"2 minutes"},"schema":{"@context":"https:\/\/schema.org","@graph":[{"@type":"WebPage","@id":"https:\/\/www.traceocad.fr\/en\/legals\/","url":"https:\/\/www.traceocad.fr\/en\/legals\/","name":"Legal Information | Trac\u00e9ocad - Software Publisher","isPartOf":{"@id":"https:\/\/www.traceocad.fr\/en\/#website"},"datePublished":"2016-06-14T14:10:35+00:00","dateModified":"2016-09-21T07:22:17+00:00","description":"See our Legal Information for more information on our website Trac\u00e9ocad","breadcrumb":{"@id":"https:\/\/www.traceocad.fr\/en\/legals\/#breadcrumb"},"inLanguage":"en-US","potentialAction":[{"@type":"ReadAction","target":["https:\/\/www.traceocad.fr\/en\/legals\/"]}]},{"@type":"BreadcrumbList","@id":"https:\/\/www.traceocad.fr\/en\/legals\/#breadcrumb","itemListElement":[{"@type":"ListItem","position":1,"name":"Accueil","item":"https:\/\/www.traceocad.fr\/en\/"},{"@type":"ListItem","position":2,"name":"Legal Information"}]},{"@type":"WebSite","@id":"https:\/\/www.traceocad.fr\/en\/#website","url":"https:\/\/www.traceocad.fr\/en\/","name":"Trac\u00e9oCAD (EN)","description":"","potentialAction":[{"@type":"SearchAction","target":{"@type":"EntryPoint","urlTemplate":"https:\/\/www.traceocad.fr\/en\/?s={search_term_string}"},"query-input":"required name=search_term_string"}],"inLanguage":"en-US"}]}},"_links":{"self":[{"href":"https:\/\/www.traceocad.fr\/en\/wp-json\/wp\/v2\/pages\/958"}],"collection":[{"href":"https:\/\/www.traceocad.fr\/en\/wp-json\/wp\/v2\/pages"}],"about":[{"href":"https:\/\/www.traceocad.fr\/en\/wp-json\/wp\/v2\/types\/page"}],"author":[{"embeddable":true,"href":"https:\/\/www.traceocad.fr\/en\/wp-json\/wp\/v2\/users\/1"}],"replies":[{"embeddable":true,"href":"https:\/\/www.traceocad.fr\/en\/wp-json\/wp\/v2\/comments?post=958"}],"version-history":[{"count":10,"href":"https:\/\/www.traceocad.fr\/en\/wp-json\/wp\/v2\/pages\/958\/revisions"}],"predecessor-version":[{"id":1503,"href":"https:\/\/www.traceocad.fr\/en\/wp-json\/wp\/v2\/pages\/958\/revisions\/1503"}],"wp:attachment":[{"href":"https:\/\/www.traceocad.fr\/en\/wp-json\/wp\/v2\/media?parent=958"}],"curies":[{"name":"wp","href":"https:\/\/api.w.org\/{rel}","templated":true}]}}